{"id":2041,"date":"2015-11-04T13:54:31","date_gmt":"2015-11-04T13:54:31","guid":{"rendered":"http:\/\/www.osthoff-senge.com\/?page_id=2041"},"modified":"2018-01-16T15:47:54","modified_gmt":"2018-01-16T14:47:54","slug":"produkte-impragnierabteile","status":"publish","type":"page","link":"https:\/\/www.osthoff-senge.com\/?page_id=2041","title":{"rendered":"PRODUKTE &#8211; Entschlichten und Bleichen &#8211; Impr\u00e4gnierabteile (DE)"},"content":{"rendered":"<div class=\"fusion-fullwidth fullwidth-box fusion-fullwidth-1  fusion-parallax-none nonhundred-percent-fullwidth fusion-equal-height-columns\" style=\"border-color:#eae9e9;border-bottom-width: 0px;border-top-width: 0px;border-bottom-style: solid;border-top-style: solid;padding-bottom:40px;padding-top:20px;padding-left:px;padding-right:px;background-color:#ffffff;\"><style type=\"text\/css\" scoped=\"scoped\">.fusion-fullwidth-1 {\n                            padding-left: px !important;\n                            padding-right: px !important;\n                        }<\/style><div class=\"fusion-row\"><div class=\"fusion-two-third fusion-layout-column fusion-spacing-yes\" style=\"margin-top:0;margin-bottom:20px;\"><div class=\"fusion-column-wrapper\"><div class=\"fusion-title title fusion-title-size-one\"><h1 class=\"title-heading-left\">\n<p>Impr\u00e4gnierabteile<\/p>\n<\/h1><div class=\"title-sep-container\"><div class=\"title-sep sep-none\"><\/div><\/div><\/div><ul>\n<li>Edelstahl-Fach, mit 10, 15 oder 20 m Wareninhalt<\/li>\n<li>Reibungsarme Au\u00dfenlager<\/li>\n<li>Jockey-Rolle auf Anfrage<\/li>\n<li>Angetriebene Oberwalze auf Anfrage<\/li>\n<li>Bad-Filter auf Anfrage<\/li>\n<li>Presse, Druck, je nach Bedarf, mit konventionellen oder stabilisierten Rollen<\/li>\n<\/ul>\n<p>Das Sengen ist heute einer der schnellsten Prozesse im Bereich des Finishings. Um eine hohe Geschwindigkeit zu erreichen, arbeiten die meisten Sengen als eigenst\u00e4ndige Einheit. Osthoff Sengmaschinen-Linien integrieren neben der Reinigung auch das Impr\u00e4gnieren zum Entschlichten und das Bleichen. In Verbindung mit entsprechenden Pressen und Recyclingger\u00e4ten ist die Osthoff Sengmaschinen-Linie bekannt f\u00fcr h\u00f6chste Produktionsgeschwindigkeiten.<\/p>\n<div class=\"fusion-clearfix\"><\/div><\/div><\/div><div class=\"fusion-one-third one_third fusion-layout-column fusion-column-last fusion-spacing-yes\" style=\"margin-top:0px;margin-bottom:20px;\"><div class=\"fusion-column-wrapper\"><div class=\"fusion-column-table\"><div class=\"fusion-column-tablecell\"><span class=\"fusion-imageframe imageframe-none imageframe-1 hover-type-none\"> <img src=\"https:\/\/www.osthoff-senge.com\/wp-content\/uploads\/impraegnierabteil_gr.jpg\" alt=\"\" class=\"img-responsive\"\/><\/span><p>Impr\u00e4gnierung mit Quetsche und Dockeinrichtung<\/p>\n<div class=\"fusion-clearfix\"><\/div><\/div><\/div><\/div><\/div><div class=\"fusion-clearfix\"><\/div><\/div><\/div><span class=\"fusion-imageframe imageframe-none imageframe-2 hover-type-none\"> <img alt=\"\" class=\"img-responsive\"\/><\/span>\n","protected":false},"excerpt":{"rendered":"","protected":false},"author":1,"featured_media":0,"parent":0,"menu_order":0,"comment_status":"closed","ping_status":"closed","template":"","meta":[],"language":[50],"_links":{"self":[{"href":"https:\/\/www.osthoff-senge.com\/index.php?rest_route=\/wp\/v2\/pages\/2041"}],"collection":[{"href":"https:\/\/www.osthoff-senge.com\/index.php?rest_route=\/wp\/v2\/pages"}],"about":[{"href":"https:\/\/www.osthoff-senge.com\/index.php?rest_route=\/wp\/v2\/types\/page"}],"author":[{"embeddable":true,"href":"https:\/\/www.osthoff-senge.com\/index.php?rest_route=\/wp\/v2\/users\/1"}],"replies":[{"embeddable":true,"href":"https:\/\/www.osthoff-senge.com\/index.php?rest_route=%2Fwp%2Fv2%2Fcomments&post=2041"}],"version-history":[{"count":6,"href":"https:\/\/www.osthoff-senge.com\/index.php?rest_route=\/wp\/v2\/pages\/2041\/revisions"}],"predecessor-version":[{"id":2582,"href":"https:\/\/www.osthoff-senge.com\/index.php?rest_route=\/wp\/v2\/pages\/2041\/revisions\/2582"}],"wp:attachment":[{"href":"https:\/\/www.osthoff-senge.com\/index.php?rest_route=%2Fwp%2Fv2%2Fmedia&parent=2041"}],"wp:term":[{"taxonomy":"language","embeddable":true,"href":"https:\/\/www.osthoff-senge.com\/index.php?rest_route=%2Fwp%2Fv2%2Flanguage&post=2041"}],"curies":[{"name":"wp","href":"https:\/\/api.w.org\/{rel}","templated":true}]}}