{"id":2130,"date":"2015-11-05T10:13:51","date_gmt":"2015-11-05T10:13:51","guid":{"rendered":"http:\/\/www.osthoff-senge.com\/?page_id=2130"},"modified":"2015-11-16T12:40:19","modified_gmt":"2015-11-16T12:40:19","slug":"produkte-kat","status":"publish","type":"page","link":"https:\/\/www.osthoff-senge.com\/?page_id=2130","title":{"rendered":"PRODUKTE &#8211; KAT (DE)"},"content":{"rendered":"<div class=\"fusion-fullwidth fullwidth-box fusion-fullwidth-1  fusion-parallax-none nonhundred-percent-fullwidth fusion-equal-height-columns\" style=\"border-color:#eae9e9;border-bottom-width: 0px;border-top-width: 0px;border-bottom-style: solid;border-top-style: solid;padding-bottom:40px;padding-top:20px;padding-left:px;padding-right:px;background-color:#ffffff;\"><style type=\"text\/css\" scoped=\"scoped\">.fusion-fullwidth-1 {\n                            padding-left: px !important;\n                            padding-right: px !important;\n                        }<\/style><div class=\"fusion-row\"><div class=\"fusion-two-third fusion-layout-column fusion-spacing-yes\" style=\"margin-top:0;margin-bottom:20px;\"><div class=\"fusion-column-wrapper\"><div class=\"fusion-title title fusion-title-size-one\"><h1 class=\"title-heading-left\">\n<p>\u00bbKAT\u00ab<\/p>\n<\/h1><div class=\"title-sep-container\"><div class=\"title-sep sep-none\"><\/div><\/div><\/div><ul>\n<li>Abluftreinigungsanlage<\/li>\n<li>Katalytischer Reaktor<\/li>\n<li>Gasbrenner f\u00fcr Zuheizung<\/li>\n<li>Rohrb\u00fcndel &#8211; W\u00e4rmetauscher<\/li>\n<li>Vorfilter aus Edelstahl-Siebgewebe<\/li>\n<\/ul>\n<div class=\"fusion-clearfix\"><\/div><\/div><\/div><div class=\"fusion-one-third one_third fusion-layout-column fusion-column-last fusion-spacing-yes\" style=\"margin-top:0px;margin-bottom:20px;\"><div class=\"fusion-column-wrapper\"><div class=\"fusion-column-table\"><div class=\"fusion-column-tablecell\"><span class=\"fusion-imageframe imageframe-none imageframe-1 hover-type-none\"> <img src=\"https:\/\/www.osthoff-senge.com\/wp-content\/uploads\/kat_schema.gif\" alt=\"\" class=\"img-responsive\"\/><\/span><div class=\"fusion-clearfix\"><\/div><\/div><\/div><\/div><\/div><div class=\"fusion-clearfix\"><\/div><div class=\"fusion-two-third fusion-layout-column fusion-column-last fusion-spacing-yes\" style=\"margin-top:0;margin-bottom:20px;\"><div class=\"fusion-column-wrapper\"><div class=\"fusion-title title fusion-title-size-one\"><h1 class=\"title-heading-left\">\n<\/h1><div class=\"title-sep-container\"><div class=\"title-sep sep-none\"><\/div><\/div><\/div><p>Die Anlage wird eingesetzt zur Reduzierung, bzw. Beseitigung der bel\u00e4stigenden Ger\u00fcche aus der Abluft von Sengmaschinen oder \u00e4hnlichen Abluftstr\u00f6men.<\/p>\n<div class=\"fusion-clearfix\"><\/div><\/div><\/div><div class=\"fusion-clearfix\"><\/div><\/div><\/div>\n","protected":false},"excerpt":{"rendered":"","protected":false},"author":1,"featured_media":0,"parent":0,"menu_order":0,"comment_status":"closed","ping_status":"closed","template":"","meta":[],"language":[50],"_links":{"self":[{"href":"https:\/\/www.osthoff-senge.com\/index.php?rest_route=\/wp\/v2\/pages\/2130"}],"collection":[{"href":"https:\/\/www.osthoff-senge.com\/index.php?rest_route=\/wp\/v2\/pages"}],"about":[{"href":"https:\/\/www.osthoff-senge.com\/index.php?rest_route=\/wp\/v2\/types\/page"}],"author":[{"embeddable":true,"href":"https:\/\/www.osthoff-senge.com\/index.php?rest_route=\/wp\/v2\/users\/1"}],"replies":[{"embeddable":true,"href":"https:\/\/www.osthoff-senge.com\/index.php?rest_route=%2Fwp%2Fv2%2Fcomments&post=2130"}],"version-history":[{"count":3,"href":"https:\/\/www.osthoff-senge.com\/index.php?rest_route=\/wp\/v2\/pages\/2130\/revisions"}],"predecessor-version":[{"id":2526,"href":"https:\/\/www.osthoff-senge.com\/index.php?rest_route=\/wp\/v2\/pages\/2130\/revisions\/2526"}],"wp:attachment":[{"href":"https:\/\/www.osthoff-senge.com\/index.php?rest_route=%2Fwp%2Fv2%2Fmedia&parent=2130"}],"wp:term":[{"taxonomy":"language","embeddable":true,"href":"https:\/\/www.osthoff-senge.com\/index.php?rest_route=%2Fwp%2Fv2%2Flanguage&post=2130"}],"curies":[{"name":"wp","href":"https:\/\/api.w.org\/{rel}","templated":true}]}}