{"id":2151,"date":"2015-11-05T10:27:28","date_gmt":"2015-11-05T10:27:28","guid":{"rendered":"http:\/\/www.osthoff-senge.com\/?page_id=2151"},"modified":"2015-11-16T11:51:07","modified_gmt":"2015-11-16T11:51:07","slug":"produkte-double-jet-brenner","status":"publish","type":"page","link":"https:\/\/www.osthoff-senge.com\/?page_id=2151","title":{"rendered":"PRODUKTE &#8211; DOUBLE-JET Brenner (DE)"},"content":{"rendered":"<div class=\"fusion-fullwidth fullwidth-box fusion-fullwidth-1  fusion-parallax-none nonhundred-percent-fullwidth fusion-equal-height-columns\" style=\"border-color:#eae9e9;border-bottom-width: 0px;border-top-width: 0px;border-bottom-style: solid;border-top-style: solid;padding-bottom:40px;padding-top:20px;padding-left:px;padding-right:px;background-color:#ffffff;\"><style type=\"text\/css\" scoped=\"scoped\">.fusion-fullwidth-1 {\n                            padding-left: px !important;\n                            padding-right: px !important;\n                        }<\/style><div class=\"fusion-row\"><div class=\"fusion-two-third fusion-layout-column fusion-spacing-yes\" style=\"margin-top:0;margin-bottom:20px;\"><div class=\"fusion-column-wrapper\"><div class=\"fusion-title title fusion-title-size-one\"><h1 class=\"title-heading-left\">\n<p>DOUBLE-JET Brenner (weltweite Patente)<\/p>\n<\/h1><div class=\"title-sep-container\"><div class=\"title-sep sep-none\"><\/div><\/div><\/div><p><strong>Das Herzst\u00fcck aller Osthoff Sengmaschinen zeichnet sich aus durch:<\/strong><\/p>\n<ul>\n<li>die gleichm\u00e4\u00dfige Verteilung des Gas-Luft Gemisches durch mehrere hintereinander angeordnete Expansions- und Kompressionskammern<\/li>\n<li>das typische nicht unterbrochene Flammenband, erzielt durch 2 parallel zueinander angeordnete Austrittsschlitze f\u00fcr das Gas-Luft Gemisch<\/li>\n<li>die Erzeugung einer homogenen, stabilen and gleichm\u00e4\u00dfigen Flamme durch die Verbrennung des Gas-Luft Gemisches innerhalb der Verbrennungskammern der keramischen Rampenk\u00f6rper<\/li>\n<li>die Erzeugung einer konzentrierten, energiereichen Flamme: Die entscheidende Voraussetzung f\u00fcr das Sengen von Textilen aus nat\u00fcrlichen, regenerierten und synthetischen Fasern.<\/li>\n<\/ul>\n<div class=\"fusion-clearfix\"><\/div><\/div><\/div><div class=\"fusion-one-third one_third fusion-layout-column fusion-column-last fusion-spacing-yes\" style=\"margin-top:0px;margin-bottom:20px;\"><div class=\"fusion-column-wrapper\"><div class=\"fusion-column-table\"><div class=\"fusion-column-tablecell\"><span class=\"fusion-imageframe imageframe-none imageframe-1 hover-type-none\"> <img src=\"https:\/\/www.osthoff-senge.com\/wp-content\/uploads\/garnsenge_gross1.jpg\" alt=\"\" class=\"img-responsive\"\/><\/span><p>Die Sengflamme<\/p>\n<div class=\"fusion-clearfix\"><\/div><\/div><\/div><\/div><\/div><div class=\"fusion-clearfix\"><\/div><div class=\"fusion-two-third fusion-layout-column fusion-spacing-yes\" style=\"margin-top:0;margin-bottom:20px;\"><div class=\"fusion-column-wrapper\"><div class=\"fusion-title title fusion-title-size-one\"><h1 class=\"title-heading-left\">\n<\/h1><div class=\"title-sep-container\"><div class=\"title-sep sep-none\"><\/div><\/div><\/div><div class=\"fusion-clearfix\"><\/div><\/div><\/div><div class=\"fusion-one-third one_third fusion-layout-column fusion-column-last fusion-spacing-yes\" style=\"margin-top:0px;margin-bottom:20px;\"><div class=\"fusion-column-wrapper\"><div class=\"fusion-column-table\"><div class=\"fusion-column-tablecell\"><span class=\"fusion-imageframe imageframe-none imageframe-2 hover-type-none\"> <img src=\"https:\/\/www.osthoff-senge.com\/wp-content\/uploads\/brenner_6.gif\" alt=\"\" class=\"img-responsive\"\/><\/span><p>Das nichtunterbrochene Flammenband<\/p>\n<div class=\"fusion-clearfix\"><\/div><\/div><\/div><\/div><\/div><div class=\"fusion-clearfix\"><\/div><\/div><\/div><span class=\"fusion-imageframe imageframe-none imageframe-3 hover-type-none\"> <img alt=\"\" class=\"img-responsive\"\/><\/span>\n","protected":false},"excerpt":{"rendered":"","protected":false},"author":1,"featured_media":0,"parent":0,"menu_order":0,"comment_status":"closed","ping_status":"closed","template":"","meta":[],"language":[50],"_links":{"self":[{"href":"https:\/\/www.osthoff-senge.com\/index.php?rest_route=\/wp\/v2\/pages\/2151"}],"collection":[{"href":"https:\/\/www.osthoff-senge.com\/index.php?rest_route=\/wp\/v2\/pages"}],"about":[{"href":"https:\/\/www.osthoff-senge.com\/index.php?rest_route=\/wp\/v2\/types\/page"}],"author":[{"embeddable":true,"href":"https:\/\/www.osthoff-senge.com\/index.php?rest_route=\/wp\/v2\/users\/1"}],"replies":[{"embeddable":true,"href":"https:\/\/www.osthoff-senge.com\/index.php?rest_route=%2Fwp%2Fv2%2Fcomments&post=2151"}],"version-history":[{"count":4,"href":"https:\/\/www.osthoff-senge.com\/index.php?rest_route=\/wp\/v2\/pages\/2151\/revisions"}],"predecessor-version":[{"id":2496,"href":"https:\/\/www.osthoff-senge.com\/index.php?rest_route=\/wp\/v2\/pages\/2151\/revisions\/2496"}],"wp:attachment":[{"href":"https:\/\/www.osthoff-senge.com\/index.php?rest_route=%2Fwp%2Fv2%2Fmedia&parent=2151"}],"wp:term":[{"taxonomy":"language","embeddable":true,"href":"https:\/\/www.osthoff-senge.com\/index.php?rest_route=%2Fwp%2Fv2%2Flanguage&post=2151"}],"curies":[{"name":"wp","href":"https:\/\/api.w.org\/{rel}","templated":true}]}}