{"id":2191,"date":"2015-11-05T11:33:30","date_gmt":"2015-11-05T11:33:30","guid":{"rendered":"http:\/\/www.osthoff-senge.com\/?page_id=2191"},"modified":"2022-12-02T07:40:12","modified_gmt":"2022-12-02T06:40:12","slug":"impressum-de","status":"publish","type":"page","link":"https:\/\/www.osthoff-senge.com\/?page_id=2191","title":{"rendered":"IMPRESSUM (DE)"},"content":{"rendered":"<div class=\"fusion-fullwidth fullwidth-box fusion-fullwidth-1  fusion-parallax-none nonhundred-percent-fullwidth GrayBackground\" style=\"border-color:#eae9e9;border-bottom-width: 0px;border-top-width: 0px;border-bottom-style: solid;border-top-style: solid;padding-bottom:0px;padding-top:0px;padding-left:px;padding-right:px;background-color:#ffffff;\"><style type=\"text\/css\" scoped=\"scoped\">.fusion-fullwidth-1 {\n                            padding-left: px !important;\n                            padding-right: px !important;\n                        }<\/style><div class=\"fusion-row\"><div class=\"fusion-title title fusion-title-size-one\" style=\"margin-top:10px;margin-bottom:10px;\"><h1 class=\"title-heading-left\">\n<div style=\"height: 30px; line-height: 30px;\">osthoff &#8211; ein Synonym f\u00fcr Sengen<\/div>\n<\/h1><div class=\"title-sep-container\"><div class=\"title-sep sep-none\"><\/div><\/div><\/div><\/div><\/div><div class=\"fusion-fullwidth fullwidth-box fusion-fullwidth-2  fusion-parallax-none nonhundred-percent-fullwidth\" style=\"border-color:#eae9e9;border-bottom-width: 0px;border-top-width: 0px;border-bottom-style: solid;border-top-style: solid;padding-bottom:20px;padding-top:20px;padding-left:px;padding-right:px;background-color:#ffffff;\"><style type=\"text\/css\" scoped=\"scoped\">.fusion-fullwidth-2 {\n                            padding-left: px !important;\n                            padding-right: px !important;\n                        }<\/style><div class=\"fusion-row\"><p><strong>osthoff-senge<\/strong> GmbH und Co. KG<br \/>\nEssener Strasse 62<br \/>\n42327 Wuppertal<br \/>\nGermany<\/p>\n<p>Telefon: <span style=\"display: inline-block; text-indent: 20px;\">+49 (0)202 748470<\/span><br \/>\nTelefax: <span style=\"display: inline-block; text-indent: 20px;\">+49 (0)202 7484799<\/span><br \/>\nE-Mail: <span style=\"display: inline-block; text-indent: 27px;\">info@osthoff-senge.com<\/span><br \/>\nInternet: <span style=\"display: inline-block; text-indent: 20px;\">www.osthoff-senge.com<\/span><\/p>\n<\/div><\/div><div class=\"fusion-fullwidth fullwidth-box fusion-fullwidth-3  fusion-parallax-none nonhundred-percent-fullwidth\" style=\"border-color:#eae9e9;border-bottom-width: 0px;border-top-width: 0px;border-bottom-style: solid;border-top-style: solid;padding-bottom:20px;padding-top:20px;padding-left:px;padding-right:px;background-color:#ffffff;\"><style type=\"text\/css\" scoped=\"scoped\">.fusion-fullwidth-3 {\n                            padding-left: px !important;\n                            padding-right: px !important;\n                        }<\/style><div class=\"fusion-row\"><p><strong>Pers\u00f6nlich haftende Gesellschafterin:<br \/>\n<\/strong>Verwaltungsgesellschaft osthoff-senge GmbH Wuppertal<br \/>\nVertretungsberechtigte Gesch\u00e4ftsf\u00fchrer: Walter Christian Osthoff, J\u00f6rg Schlageter<br \/>\nRegistergericht: Amtsgericht Wuppertal<br \/>\nRegisternummer: HR A 15876<br \/>\nUmsatzsteuer-Identifikationsnummer gem\u00e4\u00df \u00a7 27 a Umsatzsteuergesetz: DE 121106146<\/p>\n<p><strong>Haftungshinweis:<\/strong><br \/>\nosthoff-senge provides the www.osthoff-senge.com website as a service to the public.<br \/>\nosthoff-senge is not responsible for, and expressly disclaims all liability for, damages of any kind arising out of use, reference to, or reliance on any information contained within the site. While the information contained within the site is periodically updated, no guarantee is given that the information provided in this website is correct, complete und up-to-date.<br \/>\nAlthough the osthoff-senge website may include links providing direct access to other internet resources, including websites, osthoff-senge is not responsible for the accuracy or content of information contained in these sites. Links from osthoff-senge to third-party sites do not constitute an endorsement by osthoff-senge of the parties or their products and services.<\/p>\n<\/div><\/div>\n","protected":false},"excerpt":{"rendered":"","protected":false},"author":1,"featured_media":0,"parent":0,"menu_order":0,"comment_status":"closed","ping_status":"open","template":"","meta":[],"language":[50],"_links":{"self":[{"href":"https:\/\/www.osthoff-senge.com\/index.php?rest_route=\/wp\/v2\/pages\/2191"}],"collection":[{"href":"https:\/\/www.osthoff-senge.com\/index.php?rest_route=\/wp\/v2\/pages"}],"about":[{"href":"https:\/\/www.osthoff-senge.com\/index.php?rest_route=\/wp\/v2\/types\/page"}],"author":[{"embeddable":true,"href":"https:\/\/www.osthoff-senge.com\/index.php?rest_route=\/wp\/v2\/users\/1"}],"replies":[{"embeddable":true,"href":"https:\/\/www.osthoff-senge.com\/index.php?rest_route=%2Fwp%2Fv2%2Fcomments&post=2191"}],"version-history":[{"count":5,"href":"https:\/\/www.osthoff-senge.com\/index.php?rest_route=\/wp\/v2\/pages\/2191\/revisions"}],"predecessor-version":[{"id":2637,"href":"https:\/\/www.osthoff-senge.com\/index.php?rest_route=\/wp\/v2\/pages\/2191\/revisions\/2637"}],"wp:attachment":[{"href":"https:\/\/www.osthoff-senge.com\/index.php?rest_route=%2Fwp%2Fv2%2Fmedia&parent=2191"}],"wp:term":[{"taxonomy":"language","embeddable":true,"href":"https:\/\/www.osthoff-senge.com\/index.php?rest_route=%2Fwp%2Fv2%2Flanguage&post=2191"}],"curies":[{"name":"wp","href":"https:\/\/api.w.org\/{rel}","templated":true}]}}